{"id":879,"date":"2023-11-15T19:13:12","date_gmt":"2023-11-15T19:13:12","guid":{"rendered":"https:\/\/ensantane.com\/?page_id=879"},"modified":"2023-12-01T15:23:20","modified_gmt":"2023-12-01T15:23:20","slug":"bultenler","status":"publish","type":"page","link":"https:\/\/dkder.org\/index.php\/bultenler\/","title":{"rendered":"B\u00dcLTENLER"},"content":{"rendered":"<p><a href=\"https:\/\/dkder.org\/bultenler\/11.Sayi-Bulten.pdf\" target=\"_blank\" rel=\"noopener\">B\u00fclten 11.Say\u0131<\/a><\/p>\n<p><a href=\"https:\/\/dkder.org\/bultenler\/11.Sayi-Bulten.pdf\"><img loading=\"lazy\" decoding=\"async\" class=\"alignnone \" src=\"https:\/\/dkder.org\/bultenler\/resim\/11.Sayi.jpg\" width=\"165\" height=\"240\" \/><\/a><\/p>\n<p><a href=\"https:\/\/dkder.org\/bultenler\/10.Sayi-Bulten.pdf\" target=\"_blank\" rel=\"noopener\">B\u00fclten 10.Say\u0131<\/a><\/p>\n<p><a href=\"https:\/\/dkder.org\/bultenler\/10.Sayi-Bulten.pdf\"><img loading=\"lazy\" decoding=\"async\" class=\"alignnone\" src=\"https:\/\/dkder.org\/bultenler\/resim\/10.Sayi.png\" alt=\"\" width=\"165\" height=\"240\" \/><\/a><\/p>\n<p><a href=\"https:\/\/dkder.org\/bultenler\/9.Sayi-Bulten.pdf\" target=\"_blank\" rel=\"noopener\">B\u00fclten 9.Say\u0131<\/a><\/p>\n<p><a href=\"https:\/\/dkder.org\/bultenler\/9.Sayi-Bulten.pdf\"><img loading=\"lazy\" decoding=\"async\" class=\"alignnone \" src=\"https:\/\/dkder.org\/bultenler\/resim\/9.Sayi.jpg\" width=\"165\" height=\"240\" \/><\/a><\/p>\n<p><a href=\"https:\/\/dkder.org\/bultenler\/8.Sayi-Bulten.pdf\" target=\"_blank\" rel=\"noopener\">B\u00fclten 8.Say\u0131<\/a><\/p>\n<p><a href=\"https:\/\/dkder.org\/bultenler\/8.Sayi-Bulten.pdf\"><img loading=\"lazy\" decoding=\"async\" class=\"alignnone \" src=\"https:\/\/dkder.org\/bultenler\/resim\/8.Sayi.jpg\" width=\"165\" height=\"240\" \/><\/a><\/p>\n<p><a href=\"https:\/\/dkder.org\/bultenler\/7.Sayi-Bulten.pdf\" target=\"_blank\" rel=\"noopener\">B\u00fclten 7.Say\u0131<\/a><\/p>\n<p><a href=\"https:\/\/dkder.org\/bultenler\/7.Sayi-Bulten.pdf\"><img loading=\"lazy\" decoding=\"async\" class=\"alignnone \" src=\"https:\/\/dkder.org\/bultenler\/resim\/7.Sayi.jpg\" width=\"165\" height=\"240\" \/><\/a><\/p>\n<p><a href=\"https:\/\/dkder.org\/bultenler\/6.Sayi-Bulten.pdf\" target=\"_blank\" rel=\"noopener\">B\u00fclten 6.Say\u0131<\/a><\/p>\n<p><a href=\"https:\/\/dkder.org\/bultenler\/6.Sayi-Bulten.pdf\"><img loading=\"lazy\" decoding=\"async\" class=\"alignnone \" src=\"https:\/\/dkder.org\/bultenler\/resim\/6.Sayi.jpg\" width=\"165\" height=\"240\" \/><\/a><\/p>\n<p><a href=\"https:\/\/dkder.org\/bultenler\/5.Sayi-Bulten.pdf\" target=\"_blank\" rel=\"noopener\">B\u00fclten 5.Say\u0131<\/a><\/p>\n<p><a href=\"https:\/\/dkder.org\/bultenler\/5.Sayi-Bulten.pdf\"><img loading=\"lazy\" decoding=\"async\" class=\"alignnone \" src=\"https:\/\/dkder.org\/bultenler\/resim\/5.Sayi.jpg\" width=\"165\" height=\"240\" \/><\/a><\/p>\n<p><a href=\"https:\/\/dkder.org\/bultenler\/4.Sayi-Bulten.pdf\" target=\"_blank\" rel=\"noopener\">B\u00fclten 4.Say\u0131<\/a><\/p>\n<p><a href=\"https:\/\/dkder.org\/bultenler\/4.Sayi-Bulten.pdf\"><img loading=\"lazy\" decoding=\"async\" class=\"alignnone \" src=\"https:\/\/dkder.org\/bultenler\/resim\/4.Sayi.jpg\" width=\"165\" height=\"240\" \/><\/a><\/p>\n<p><a href=\"https:\/\/dkder.org\/bultenler\/3.Sayi-Bulten.pdf\" target=\"_blank\" rel=\"noopener\">B\u00fclten 3.Say\u0131<\/a><\/p>\n<p><a href=\"https:\/\/dkder.org\/bultenler\/3.Sayi-Bulten.pdf\"><img loading=\"lazy\" decoding=\"async\" class=\"alignnone \" src=\"https:\/\/dkder.org\/bultenler\/resim\/3.Sayi.jpg\" width=\"165\" height=\"240\" \/><\/a><\/p>\n<p><a href=\"https:\/\/dkder.org\/bultenler\/2.Sayi-Bulten.pdf\" target=\"_blank\" rel=\"noopener\">B\u00fclten 2.Say\u0131<\/a><\/p>\n<p><a href=\"https:\/\/dkder.org\/bultenler\/2.Sayi-Bulten.pdf\"><img loading=\"lazy\" decoding=\"async\" class=\"alignnone \" src=\"https:\/\/dkder.org\/bultenler\/resim\/2.Sayi.jpg\" width=\"165\" height=\"240\" \/><\/a><\/p>\n<p><a href=\"https:\/\/dkder.org\/bultenler\/1.Sayi-Bulten.pdf\" target=\"_blank\" rel=\"noopener\">B\u00fclten 1.Say\u0131<\/a><\/p>\n<p><a href=\"https:\/\/dkder.org\/bultenler\/1.Sayi-Bulten.pdf\"><img loading=\"lazy\" decoding=\"async\" class=\"alignnone \" src=\"https:\/\/dkder.org\/bultenler\/resim\/1.Sayi.jpg\" width=\"165\" height=\"240\" \/><\/a><\/p>\n<p><a href=\"https:\/\/dkder.org\/bultenler\/Ozel-Sayi2.pdf\" target=\"_blank\" rel=\"noopener\">Ozel-Sayi 2<\/a><\/p>\n<p><a href=\"https:\/\/dkder.org\/bultenler\/Ozel-Sayi2.pdf\"><img loading=\"lazy\" decoding=\"async\" class=\"alignnone \" src=\"https:\/\/dkder.org\/bultenler\/resim\/OZEL-SAYI-2.jpg\" width=\"165\" height=\"240\" \/><\/a><\/p>\n","protected":false},"excerpt":{"rendered":"<p>B\u00fclten 11.Say\u0131 B\u00fclten 10.Say\u0131 B\u00fclten 9.Say\u0131 B\u00fclten 8.Say\u0131 B\u00fclten 7.Say\u0131 B\u00fclten 6.Say\u0131 B\u00fclten 5.Say\u0131 B\u00fclten 4.Say\u0131 B\u00fclten 3.Say\u0131 B\u00fclten 2.Say\u0131<\/p>\n","protected":false},"author":1,"featured_media":0,"parent":0,"menu_order":0,"comment_status":"closed","ping_status":"closed","template":"","meta":{"footnotes":""},"class_list":["post-879","page","type-page","status-publish","hentry"],"_links":{"self":[{"href":"https:\/\/dkder.org\/index.php\/wp-json\/wp\/v2\/pages\/879","targetHints":{"allow":["GET"]}}],"collection":[{"href":"https:\/\/dkder.org\/index.php\/wp-json\/wp\/v2\/pages"}],"about":[{"href":"https:\/\/dkder.org\/index.php\/wp-json\/wp\/v2\/types\/page"}],"author":[{"embeddable":true,"href":"https:\/\/dkder.org\/index.php\/wp-json\/wp\/v2\/users\/1"}],"replies":[{"embeddable":true,"href":"https:\/\/dkder.org\/index.php\/wp-json\/wp\/v2\/comments?post=879"}],"version-history":[{"count":10,"href":"https:\/\/dkder.org\/index.php\/wp-json\/wp\/v2\/pages\/879\/revisions"}],"predecessor-version":[{"id":1274,"href":"https:\/\/dkder.org\/index.php\/wp-json\/wp\/v2\/pages\/879\/revisions\/1274"}],"wp:attachment":[{"href":"https:\/\/dkder.org\/index.php\/wp-json\/wp\/v2\/media?parent=879"}],"curies":[{"name":"wp","href":"https:\/\/api.w.org\/{rel}","templated":true}]}}